{"id":96,"date":"2020-03-17T08:52:03","date_gmt":"2020-03-17T08:52:03","guid":{"rendered":"https:\/\/demosites.io\/travel-gb\/?page_id=96"},"modified":"2025-09-08T21:19:41","modified_gmt":"2025-09-08T18:19:41","slug":"1169e-about-me","status":"publish","type":"page","link":"https:\/\/www.dremreerol.com\/?page_id=96","title":{"rendered":"Hakk\u0131mda"},"content":{"rendered":"\n<div class=\"wp-block-media-text alignwide is-stacked-on-mobile\"><figure class=\"wp-block-media-text__media\"><img loading=\"lazy\" decoding=\"async\" width=\"1024\" height=\"857\" src=\"https:\/\/www.dremreerol.com\/wp-content\/uploads\/2023\/06\/3-2-1024x857.jpg\" alt=\"\" class=\"wp-image-431 size-full\" srcset=\"https:\/\/www.dremreerol.com\/wp-content\/uploads\/2023\/06\/3-2-1024x857.jpg 1024w, https:\/\/www.dremreerol.com\/wp-content\/uploads\/2023\/06\/3-2-300x251.jpg 300w, https:\/\/www.dremreerol.com\/wp-content\/uploads\/2023\/06\/3-2-768x642.jpg 768w, https:\/\/www.dremreerol.com\/wp-content\/uploads\/2023\/06\/3-2-1536x1285.jpg 1536w, https:\/\/www.dremreerol.com\/wp-content\/uploads\/2023\/06\/3-2-2048x1713.jpg 2048w\" sizes=\"auto, (max-width: 1024px) 100vw, 1024px\" \/><\/figure><div class=\"wp-block-media-text__content\">\n<p><br>Uzm.Dr.Emre EROL Mersin\u2019de do\u011fdu. T\u0131p e\u011fitimini \u0130stanbul \u00dcniversitesi Cerrahpa\u015fa T\u0131p Fak\u00fcltesinde bitirdikten sonra Medeniyet \u00dcniversitesi T\u0131p Fak\u00fcltesinde Aile Hekimi Uzmanl\u0131k e\u011fitimini tamamlam\u0131\u015ft\u0131r.<\/p>\n\n\n\n<p>\u0130lk g\u00f6rev yeri olarak devlet hizmet y\u00fck\u00fcml\u00fcl\u00fc\u011f\u00fc kapsam\u0131nda \u0130stanbul\u2019da \u00e7al\u0131\u015fma hayat\u0131na ba\u015flam\u0131\u015f olup poliklinik hizmetleri yan\u0131nda g\u00f6rev yapt\u0131\u011f\u0131 kurumlarda y\u00f6netici\/sorumlu hekim olarak \u00e7al\u0131\u015fm\u0131\u015ft\u0131r.<\/p>\n\n\n\n<p>Uzmanl\u0131k e\u011fitimi esnas\u0131nda G\u00f6ztepe E\u011fitim Ara\u015ft\u0131rma Hastanesi ve Sultan Abd\u00fclhamit Han E\u011fitim Ara\u015ft\u0131rma Hastanesinde g\u00f6rev yapm\u0131\u015ft\u0131r.<\/p>\n\n\n\n<p>2022 y\u0131l\u0131 Kas\u0131m ay\u0131nda devletten ayr\u0131larak \u00e7al\u0131\u015fma hayat\u0131na Vanity Estetik b\u00fcnyesinde hekimlik yan\u0131nda Medikal ve \u0130dari \u0130\u015flerden Sorumlu Genel M\u00fcd\u00fcr Yard\u0131mc\u0131s\u0131 olarak devam etmektedir.<\/p>\n\n\n\n<p>Uzm.Dr.Emre EROL, Sa\u011fl\u0131k Bakanl\u0131\u011f\u0131 taraf\u0131ndan verilen U\u00e7u\u015f Tabipli\u011fi, Mezoterapi ve Ozon Terapi Uygulama sertifikalar\u0131na sahiptir.<\/p>\n<\/div><\/div>\n\n\n\n<div class=\"wp-block-columns is-layout-flex wp-container-core-columns-is-layout-28f84493 wp-block-columns-is-layout-flex\">\n<div class=\"wp-block-column is-layout-flow wp-block-column-is-layout-flow\" style=\"flex-basis:100%\">\n<div class=\"wp-block-group has-global-padding is-layout-constrained wp-block-group-is-layout-constrained\">\n<div class=\"wp-block-group has-global-padding is-layout-constrained wp-block-group-is-layout-constrained\">\n<div class=\"wp-block-columns is-layout-flex wp-container-core-columns-is-layout-28f84493 wp-block-columns-is-layout-flex\">\n<div class=\"wp-block-column is-layout-flow wp-block-column-is-layout-flow\" style=\"flex-basis:100%\">\n<div class=\"wp-block-columns is-layout-flex wp-container-core-columns-is-layout-28f84493 wp-block-columns-is-layout-flex\">\n<div class=\"wp-block-column is-layout-flow wp-block-column-is-layout-flow\" style=\"flex-basis:100%\"><\/div>\n<\/div>\n<\/div>\n<\/div>\n<\/div>\n<\/div>\n<\/div>\n<\/div>\n","protected":false},"excerpt":{"rendered":"<p>Uzm.Dr.Emre EROL Mersin\u2019de do\u011fdu. T\u0131p e\u011fitimini \u0130stanbul \u00dcniversitesi Cerrahpa\u015fa T\u0131p Fak\u00fcltesinde bitirdikten sonra Medeniyet \u00dcniversitesi T\u0131p Fak\u00fcltesinde Aile Hekimi Uzmanl\u0131k e\u011fitimini tamamlam\u0131\u015ft\u0131r. \u0130lk g\u00f6rev yeri olarak devlet hizmet y\u00fck\u00fcml\u00fcl\u00fc\u011f\u00fc kapsam\u0131nda \u0130stanbul\u2019da \u00e7al\u0131\u015fma hayat\u0131na ba\u015flam\u0131\u015f olup poliklinik hizmetleri yan\u0131nda g\u00f6rev yapt\u0131\u011f\u0131 kurumlarda y\u00f6netici\/sorumlu hekim olarak \u00e7al\u0131\u015fm\u0131\u015ft\u0131r. Uzmanl\u0131k e\u011fitimi esnas\u0131nda G\u00f6ztepe E\u011fitim Ara\u015ft\u0131rma Hastanesi ve Sultan Abd\u00fclhamit [&hellip;]<\/p>\n","protected":false},"author":1,"featured_media":0,"parent":0,"menu_order":0,"comment_status":"closed","ping_status":"closed","template":"page-templates\/template-pagebuilder-full-width.php","meta":{"_themeisle_gutenberg_block_has_review":false,"footnotes":""},"class_list":["post-96","page","type-page","status-publish","hentry"],"_links":{"self":[{"href":"https:\/\/www.dremreerol.com\/index.php?rest_route=\/wp\/v2\/pages\/96","targetHints":{"allow":["GET"]}}],"collection":[{"href":"https:\/\/www.dremreerol.com\/index.php?rest_route=\/wp\/v2\/pages"}],"about":[{"href":"https:\/\/www.dremreerol.com\/index.php?rest_route=\/wp\/v2\/types\/page"}],"author":[{"embeddable":true,"href":"https:\/\/www.dremreerol.com\/index.php?rest_route=\/wp\/v2\/users\/1"}],"replies":[{"embeddable":true,"href":"https:\/\/www.dremreerol.com\/index.php?rest_route=%2Fwp%2Fv2%2Fcomments&post=96"}],"version-history":[{"count":17,"href":"https:\/\/www.dremreerol.com\/index.php?rest_route=\/wp\/v2\/pages\/96\/revisions"}],"predecessor-version":[{"id":637,"href":"https:\/\/www.dremreerol.com\/index.php?rest_route=\/wp\/v2\/pages\/96\/revisions\/637"}],"wp:attachment":[{"href":"https:\/\/www.dremreerol.com\/index.php?rest_route=%2Fwp%2Fv2%2Fmedia&parent=96"}],"curies":[{"name":"wp","href":"https:\/\/api.w.org\/{rel}","templated":true}]}}